{"id":3934,"date":"2021-03-31T14:41:46","date_gmt":"2021-03-31T14:41:46","guid":{"rendered":"https:\/\/aeter.org\/biodata-dos-membros-da-xunta-actual\/"},"modified":"2023-12-21T17:47:41","modified_gmt":"2023-12-21T17:47:41","slug":"biodata-dos-membros-da-xunta-actual","status":"publish","type":"page","link":"https:\/\/aeter.org\/gl\/biodata-dos-membros-da-xunta-actual\/","title":{"rendered":"Biodata dos membros da xunta actual"},"content":{"rendered":"<p style=\"text-align: justify;\"><strong>Joaqu\u00edn Garc\u00eda Palacios<\/strong> \u00e9 doutor en Filolox\u00eda Hisp\u00e1nica pola Universidade de Salamanca e Catedr\u00e1tico de Universidade no Departamento de Traduci\u00f3n e Interpretaci\u00f3n, do que foi director entre 1999 e 2004. Ocupouse de distintas materias relacionadas coa lingua espa\u00f1ola e a ling\u00fc\u00edstica aplicada, e actualmente imparte clases de Terminolox\u00eda e Xesti\u00f3n terminol\u00f3xica. Publicou artigos e monograf\u00edas sobre lingua espa\u00f1ola, o l\u00e9xico e os dicionarios, centr\u00e1ndose especialmente na terminolox\u00eda e os dicionarios de especialidade, e nas relaci\u00f3ns destes dous \u00e1mbitos coa traduci\u00f3n. Os seus \u00faltimos artigos est\u00e1n centrados na neolox\u00eda e na dependencia terminol\u00f3xicas. Actualmente dirixe un proxecto de investigaci\u00f3n sobre a neolox\u00eda terminol\u00f3xica no \u00e1mbito das neurociencias e outro sobre neolox\u00eda xeral do espa\u00f1ol.<br \/>\nM\u00e1is informaci\u00f3n na s\u00faa web persoal: <a href=\"http:\/\/diarium.usal.es\/gpalacios\/\" target=\"_blank\" rel=\"noopener noreferrer\">http:\/\/diarium.usal.es\/gpalacios\/<\/a><\/p>\n<p style=\"text-align: justify;\"><strong>Nava Maroto Garc\u00eda<\/strong> \u00e9 doutora en Traduci\u00f3n pola Universitat Jaume I cunha tese sobre a formalizaci\u00f3n das relaci\u00f3ns conceptuais por medio de ontolox\u00edas. Durante quince anos impartiu docencia en Terminolox\u00eda, Tecnolox\u00edas e Documentaci\u00f3n na titulaci\u00f3n de Traduci\u00f3n e Interpretaci\u00f3n da Universidade Complutense de Madrid. Na actualidade imparte docencia no Departamento de Ling\u00fc\u00edstica Aplicada \u00e1 Ciencia e \u00e1 Tecnolox\u00eda da Universidade Polit\u00e9cnica de Madrid e en diversos m\u00e1steres oficiais (Universidade de Alcal\u00e1 de Henares, Universidade de Valladolid, Universidade de Salamanca, Universitat Jaume I, entre outras). Colaborou co grupo de investigaci\u00f3n TecnoLeTra da Universitat Jaume I (2006-2012) e desde 2013 \u00e9 membro do grupo de investigaci\u00f3n NeoUsal-Ateneo da Universidade de Salamanca. Traballou como termin\u00f3loga no Servizo de Traduci\u00f3n da Comisi\u00f3n Europea e en diversos proxectos de internacionalizaci\u00f3n de servizos.<\/p>\n<p><strong>Rosa Castro Prieto<\/strong> \u00e9 doutora en Traduci\u00f3n e Interpretaci\u00f3n pola Universidade de Granada e Licenciada en Filolox\u00eda Espa\u00f1ola pola Universidade Aut\u00f3noma de Madrid. Desenvolveu a s\u00faa carreira acad\u00e9mica nestas d\u00faas universidades impartindo docencia en Terminolox\u00eda aplicada \u00e1 traduci\u00f3n na licenciatura da UGR e no grao de Traduci\u00f3n da UAM. As\u00ed mesmo, \u00e9 docente no m\u00e1ster interuniversitario de Traduci\u00f3n Audiovisual e Localizaci\u00f3n (TRAVLOC) no que coordina e imparte a materia de Xesti\u00f3n terminol\u00f3xica. Publicou diversos artigos orientados por unha banda ao estudo do l\u00e9xico en espa\u00f1ol, desde unha perspectiva hist\u00f3rica recente, e doutra banda ao da terminolox\u00eda e a s\u00faa xesti\u00f3n, e ao da formaci\u00f3n do tradutor e \u00e1 aplicaci\u00f3n das novas tecnolox\u00edas ao proceso da traduci\u00f3n. Desde hai m\u00e1is de quince anos participa como investigadora en proxectos de innovaci\u00f3n docente (<a href=\"http:\/\/aulaint.es\/miembros\/\">Aula.int<\/a>) relacionados coa formaci\u00f3n integral do intermediario na comunicaci\u00f3n, as\u00ed como en grupos de investigaci\u00f3n dirixidos \u00e1 an\u00e1lise da xeraci\u00f3n de co\u00f1ecemento especializado desde unha perspectiva ling\u00fc\u00edstica.<br \/>\nM\u00e1is informaci\u00f3n na s\u00faa web persoal: <a href=\"https:\/\/sites.google.com\/site\/mrosacastroprieto\/\">https:\/\/sites.google.com\/site\/mrosacastroprieto\/<\/a><\/p>\n<p style=\"text-align: justify;\"><strong>Chelo Vargas-Sierra<\/strong>, licenciada e doutora en Traduci\u00f3n e Interpretaci\u00f3n (ingl\u00e9s), \u00e9 profesora titular da Universidade de Alacante (UA). Premio Extraordinario de Doutoramento no 2007, \u00e9 M\u00e1ster en Terminolox\u00eda polo Institut Universitari de Ling\u00fc\u00edstica Aplicada (IULA) da Universitat Pompeu Fabra e conta coa \u2018Suficiencia Docente\u2019 no curso de doutoramento \u201cAplicaci\u00f3ns da Inform\u00e1tica\u00bb da UA, ademais de con varios cursos de posgrao sobre terminolox\u00eda e traduci\u00f3n especializada. As s\u00faas li\u00f1as de investigaci\u00f3n abranguen a terminolox\u00eda, a terminograf\u00eda, a ling\u00fc\u00edstica de corpus, a traduci\u00f3n especializada, e a traduci\u00f3n asistida por computador, li\u00f1as sobre que as que ten diferentes publicaci\u00f3ns e relatorios en congresos.<br \/>\nM\u00e1is informaci\u00f3n na s\u00faa web persoal: <a href=\"http:\/\/personal.ua.es\/es\/chelo-vargas\/\" target=\"_blank\" rel=\"noopener noreferrer\">http:\/\/personal.ua.es\/es\/chelo-vargas\/<\/a><\/p>\n<p><strong>Rosa Estop\u00e0<\/strong>, profesora titular del Departamento de Traducci\u00f3n y Ciencias del Lenguaje y directora de la <a href=\"https:\/\/www.upf.edu\/web\/catedrapompeufabra\">C\u00e1tedra Pompeu Fabra<\/a> de la Universitat Pompeu Fabra (UPF). Licenciada en Filolog\u00eda catalana por la Universidad de Barcelona, M\u00e1ster en Patolog\u00eda del lenguaje y Ciencias de la audici\u00f3n por la Universidad Aut\u00f3noma de Barcelona y doctora en Ling\u00fc\u00edstica por la UPF. Investigadora del grupo <a href=\"https:\/\/www.upf.edu\/es\/web\/iulaterm\">IULATERM<\/a> del <a href=\"http:\/\/www.iula.upf.edu\/\">Institut de Ling\u00fc\u00edstica Aplicada (IULA)<\/a> de la UPF. Coordina el M\u00e1ster online de Terminolog\u00eda. Participa en el\u00a0<a href=\"http:\/\/www.iula.upf.edu\/obneo\/\">Observatori de Neologia<\/a>\u00a0desde su creaci\u00f3n, donde coordina el <em>Martes Neol\u00f3gico<\/em> y la red de Observatorios del espa\u00f1ol de Espa\u00f1a, NEOROC. La<strong>\u00a0<\/strong><strong>neolog\u00eda l\u00e9xica<\/strong><strong>, <\/strong>la<strong>\u00a0<\/strong><strong>terminolog\u00eda m\u00e9dica<\/strong>, la lexicograf\u00eda de aprendizaje especializada, la comunicaci\u00f3n en salud y la<strong> transferencia del conocimiento a la sociedad y a la escuela <\/strong>son actualmente los principales intereses de investigaci\u00f3n. Es vicepresidenta de la <a href=\"https:\/\/scaterm.llocs.iec.cat\/\">Societat Catalana de Terminologia<\/a>, sociedad filial del Institut d\u2019Estudis Catalans.<\/p>\n<p>M\u00e1s informaci\u00f3n en su web personal: <a href=\"https:\/\/www.upf.edu\/es\/web\/rosa-estopa\">https:\/\/www.upf.edu\/es\/web\/rosa-estopa<\/a><\/p>\n<p dir=\"ltr\"><strong>Imanol Urbieta Sorarrain<\/strong> \u00e9 economista, licenciado en CC.EE. e Empresariais pola Universidade de Deusto. Desenvolveu a s\u00faa carreira profesional en diferentes cargos de responsabilidade, fundamentalmente como responsable administrativo-financeiro, en diversas empresas e organismos. Actualmente, e desde 2002, \u00e9 o xerente do centro de terminolox\u00eda e lexicograf\u00eda UZEI. \u00c9 tesoureiro do cl\u00faster das industrias da lingua do Pa\u00eds Vasco, Langune. \u00c9 membro da Xunta Directiva de EAFT (Asociaci\u00f3n Europea de Terminolox\u00eda). \u00c9 membro da Xunta Directiva do Colexio Vasco de Economistas (Guip\u00fazcoa).<br \/>\nM\u00e1is informaci\u00f3n na s\u00faa web persoal: <a href=\"https:\/\/www.linkedin.com\/in\/urbieta\/\" target=\"_blank\" rel=\"noopener noreferrer\" data-auth=\"NotApplicable\">https:\/\/www.linkedin.com\/in\/urbieta\/<\/a><\/p>\n<p><strong>Miguel \u00c1ngel Candel-Moura<\/strong>, doutor en Filolox\u00eda Inglesa e m\u00e1ster en Traduci\u00f3n pola Kent State University, \u00e9 Catedr\u00e1tico de Universidade no Departamento de Ling\u00fc\u00edstica Aplicada da Universitat Polit\u00e8cnica de Val\u00e8ncia, onde imparte cursos de linguas de especialidade, terminolox\u00eda aplicada \u00e1 traduci\u00f3n e tecnolox\u00edas da lingua. Desde hai m\u00e1is de 25 anos participa activamente na industria da traduci\u00f3n e a localizaci\u00f3n. O seu interese acad\u00e9mico c\u00e9ntrase na an\u00e1lise de tecnolox\u00edas da lingua para a traduci\u00f3n, o uso de ferramentas inform\u00e1ticas aplicadas \u00e1 xesti\u00f3n terminol\u00f3xica, a ling\u00fc\u00edstica de corpus e a explotaci\u00f3n de datos e textos. Na actualidade \u00e9 director do M\u00e1ster en Linguas e Tecnolox\u00eda da Universitat Polit\u00e8cnica de Val\u00e8ncia.<br \/>\nM\u00e1is informaci\u00f3n en: <a href=\"http:\/\/www.upv.es\/ficha-personal\/mcandel\">http:\/\/www.upv.es\/ficha-personal\/mcandel<\/a><\/p>\n","protected":false},"excerpt":{"rendered":"<p>Joaqu\u00edn Garc\u00eda Palacios \u00e9 doutor en Filolox\u00eda Hisp\u00e1nica pola Universidade de Salamanca e Catedr\u00e1tico de Universidade no Departamento de Traduci\u00f3n e Interpretaci\u00f3n, do que foi director entre 1999 e 2004. Ocupouse de distintas materias relacionadas coa lingua espa\u00f1ola e a ling\u00fc\u00edstica aplicada, e actualmente imparte clases de Terminolox\u00eda e Xesti\u00f3n terminol\u00f3xica. Publicou artigos e monograf\u00edas&hellip;<\/p>\n","protected":false},"author":5,"featured_media":0,"parent":0,"menu_order":0,"comment_status":"closed","ping_status":"closed","template":"","meta":{"footnotes":""},"class_list":["post-3934","page","type-page","status-publish","hentry"],"yoast_head":"<!-- This site is optimized with the Yoast SEO plugin v24.4 - https:\/\/yoast.com\/wordpress\/plugins\/seo\/ -->\n<title>Biodata dos membros da xunta actual - ASOCIACI\u00d3N ESPA\u00d1OLA DE TERMINOLOG\u00cdA<\/title>\n<meta name=\"robots\" content=\"index, follow, max-snippet:-1, max-image-preview:large, max-video-preview:-1\" \/>\n<link rel=\"canonical\" href=\"https:\/\/aeter.org\/gl\/biodata-dos-membros-da-xunta-actual\/\" \/>\n<meta property=\"og:locale\" content=\"gl_ES\" \/>\n<meta property=\"og:type\" content=\"article\" \/>\n<meta property=\"og:title\" content=\"Biodata dos membros da xunta actual - ASOCIACI\u00d3N ESPA\u00d1OLA DE TERMINOLOG\u00cdA\" \/>\n<meta property=\"og:description\" content=\"Joaqu\u00edn Garc\u00eda Palacios \u00e9 doutor en Filolox\u00eda Hisp\u00e1nica pola Universidade de Salamanca e Catedr\u00e1tico de Universidade no Departamento de Traduci\u00f3n e Interpretaci\u00f3n, do que foi director entre 1999 e 2004. Ocupouse de distintas materias relacionadas coa lingua espa\u00f1ola e a ling\u00fc\u00edstica aplicada, e actualmente imparte clases de Terminolox\u00eda e Xesti\u00f3n terminol\u00f3xica. Publicou artigos e monograf\u00edas&hellip;\" \/>\n<meta property=\"og:url\" content=\"https:\/\/aeter.org\/gl\/biodata-dos-membros-da-xunta-actual\/\" \/>\n<meta property=\"og:site_name\" content=\"ASOCIACI\u00d3N ESPA\u00d1OLA DE TERMINOLOG\u00cdA\" \/>\n<meta property=\"article:modified_time\" content=\"2023-12-21T17:47:41+00:00\" \/>\n<meta name=\"twitter:card\" content=\"summary_large_image\" \/>\n<meta name=\"twitter:label1\" content=\"Tempo de lectura\" \/>\n\t<meta name=\"twitter:data1\" content=\"5 minutos\" \/>\n<script type=\"application\/ld+json\" class=\"yoast-schema-graph\">{\"@context\":\"https:\/\/schema.org\",\"@graph\":[{\"@type\":\"WebPage\",\"@id\":\"https:\/\/aeter.org\/gl\/biodata-dos-membros-da-xunta-actual\/\",\"url\":\"https:\/\/aeter.org\/gl\/biodata-dos-membros-da-xunta-actual\/\",\"name\":\"Biodata dos membros da xunta actual - ASOCIACI\u00d3N ESPA\u00d1OLA DE TERMINOLOG\u00cdA\",\"isPartOf\":{\"@id\":\"https:\/\/aeter.org\/#website\"},\"datePublished\":\"2021-03-31T14:41:46+00:00\",\"dateModified\":\"2023-12-21T17:47:41+00:00\",\"breadcrumb\":{\"@id\":\"https:\/\/aeter.org\/gl\/biodata-dos-membros-da-xunta-actual\/#breadcrumb\"},\"inLanguage\":\"gl-ES\",\"potentialAction\":[{\"@type\":\"ReadAction\",\"target\":[\"https:\/\/aeter.org\/gl\/biodata-dos-membros-da-xunta-actual\/\"]}]},{\"@type\":\"BreadcrumbList\",\"@id\":\"https:\/\/aeter.org\/gl\/biodata-dos-membros-da-xunta-actual\/#breadcrumb\",\"itemListElement\":[{\"@type\":\"ListItem\",\"position\":1,\"name\":\"Portada\",\"item\":\"https:\/\/aeter.org\/\"},{\"@type\":\"ListItem\",\"position\":2,\"name\":\"Biodata dos membros da xunta actual\"}]},{\"@type\":\"WebSite\",\"@id\":\"https:\/\/aeter.org\/#website\",\"url\":\"https:\/\/aeter.org\/\",\"name\":\"ASOCIACI\u00d3N ESPA\u00d1OLA DE TERMINOLOG\u00cdA\",\"description\":\"AETER\",\"potentialAction\":[{\"@type\":\"SearchAction\",\"target\":{\"@type\":\"EntryPoint\",\"urlTemplate\":\"https:\/\/aeter.org\/?s={search_term_string}\"},\"query-input\":{\"@type\":\"PropertyValueSpecification\",\"valueRequired\":true,\"valueName\":\"search_term_string\"}}],\"inLanguage\":\"gl-ES\"}]}<\/script>\n<!-- \/ Yoast SEO plugin. -->","yoast_head_json":{"title":"Biodata dos membros da xunta actual - ASOCIACI\u00d3N ESPA\u00d1OLA DE TERMINOLOG\u00cdA","robots":{"index":"index","follow":"follow","max-snippet":"max-snippet:-1","max-image-preview":"max-image-preview:large","max-video-preview":"max-video-preview:-1"},"canonical":"https:\/\/aeter.org\/gl\/biodata-dos-membros-da-xunta-actual\/","og_locale":"gl_ES","og_type":"article","og_title":"Biodata dos membros da xunta actual - ASOCIACI\u00d3N ESPA\u00d1OLA DE TERMINOLOG\u00cdA","og_description":"Joaqu\u00edn Garc\u00eda Palacios \u00e9 doutor en Filolox\u00eda Hisp\u00e1nica pola Universidade de Salamanca e Catedr\u00e1tico de Universidade no Departamento de Traduci\u00f3n e Interpretaci\u00f3n, do que foi director entre 1999 e 2004. Ocupouse de distintas materias relacionadas coa lingua espa\u00f1ola e a ling\u00fc\u00edstica aplicada, e actualmente imparte clases de Terminolox\u00eda e Xesti\u00f3n terminol\u00f3xica. Publicou artigos e monograf\u00edas&hellip;","og_url":"https:\/\/aeter.org\/gl\/biodata-dos-membros-da-xunta-actual\/","og_site_name":"ASOCIACI\u00d3N ESPA\u00d1OLA DE TERMINOLOG\u00cdA","article_modified_time":"2023-12-21T17:47:41+00:00","twitter_card":"summary_large_image","twitter_misc":{"Tempo de lectura":"5 minutos"},"schema":{"@context":"https:\/\/schema.org","@graph":[{"@type":"WebPage","@id":"https:\/\/aeter.org\/gl\/biodata-dos-membros-da-xunta-actual\/","url":"https:\/\/aeter.org\/gl\/biodata-dos-membros-da-xunta-actual\/","name":"Biodata dos membros da xunta actual - ASOCIACI\u00d3N ESPA\u00d1OLA DE TERMINOLOG\u00cdA","isPartOf":{"@id":"https:\/\/aeter.org\/#website"},"datePublished":"2021-03-31T14:41:46+00:00","dateModified":"2023-12-21T17:47:41+00:00","breadcrumb":{"@id":"https:\/\/aeter.org\/gl\/biodata-dos-membros-da-xunta-actual\/#breadcrumb"},"inLanguage":"gl-ES","potentialAction":[{"@type":"ReadAction","target":["https:\/\/aeter.org\/gl\/biodata-dos-membros-da-xunta-actual\/"]}]},{"@type":"BreadcrumbList","@id":"https:\/\/aeter.org\/gl\/biodata-dos-membros-da-xunta-actual\/#breadcrumb","itemListElement":[{"@type":"ListItem","position":1,"name":"Portada","item":"https:\/\/aeter.org\/"},{"@type":"ListItem","position":2,"name":"Biodata dos membros da xunta actual"}]},{"@type":"WebSite","@id":"https:\/\/aeter.org\/#website","url":"https:\/\/aeter.org\/","name":"ASOCIACI\u00d3N ESPA\u00d1OLA DE TERMINOLOG\u00cdA","description":"AETER","potentialAction":[{"@type":"SearchAction","target":{"@type":"EntryPoint","urlTemplate":"https:\/\/aeter.org\/?s={search_term_string}"},"query-input":{"@type":"PropertyValueSpecification","valueRequired":true,"valueName":"search_term_string"}}],"inLanguage":"gl-ES"}]}},"_links":{"self":[{"href":"https:\/\/aeter.org\/gl\/wp-json\/wp\/v2\/pages\/3934","targetHints":{"allow":["GET"]}}],"collection":[{"href":"https:\/\/aeter.org\/gl\/wp-json\/wp\/v2\/pages"}],"about":[{"href":"https:\/\/aeter.org\/gl\/wp-json\/wp\/v2\/types\/page"}],"author":[{"embeddable":true,"href":"https:\/\/aeter.org\/gl\/wp-json\/wp\/v2\/users\/5"}],"replies":[{"embeddable":true,"href":"https:\/\/aeter.org\/gl\/wp-json\/wp\/v2\/comments?post=3934"}],"version-history":[{"count":3,"href":"https:\/\/aeter.org\/gl\/wp-json\/wp\/v2\/pages\/3934\/revisions"}],"predecessor-version":[{"id":6673,"href":"https:\/\/aeter.org\/gl\/wp-json\/wp\/v2\/pages\/3934\/revisions\/6673"}],"wp:attachment":[{"href":"https:\/\/aeter.org\/gl\/wp-json\/wp\/v2\/media?parent=3934"}],"curies":[{"name":"wp","href":"https:\/\/api.w.org\/{rel}","templated":true}]}}