{"id":5521,"date":"2021-04-29T11:52:09","date_gmt":"2021-04-29T11:52:09","guid":{"rendered":"https:\/\/aeter.org\/aviso-legal\/"},"modified":"2021-04-30T14:22:31","modified_gmt":"2021-04-30T14:22:31","slug":"aviso-legal","status":"publish","type":"page","link":"https:\/\/aeter.org\/gl\/aviso-legal\/","title":{"rendered":"Aviso Legal"},"content":{"rendered":"<h2><em>Identificaci\u00f3n e titularidade<\/em><\/h2>\n<p>A seguir exp\u00f3\u00f1ense os datos identificativos do titular.<\/p>\n<ul>\n<li><b>Titular:<\/b> AETER.<\/li>\n<li><b>NIF:<\/b> G819822333<\/li>\n<li><b>Domicilio:<\/b> Universidade de Alacante Apdo. 99 03690 San Vicente do Raspeig, Alacante &#8211; Espa\u00f1a.<\/li>\n<li><b>Correo electr\u00f3nico:<\/b> info@aeter.org<\/li>\n<li><b>Sitio Web:<\/b> http:\/\/www.aeter.org<\/li>\n<\/ul>\n<h2>Finalidade<\/h2>\n<p>A finalidade do sitio web http:\/\/www.aeter.org \u00e9 Organizaci\u00f3n Tradutores, idiomas.<\/p>\n<h2>Condici\u00f3ns de Uso<\/h2>\n<p>A utilizaci\u00f3n do sitio web out\u00f3rgache a condici\u00f3n de Usuario, e implica a aceptaci\u00f3n completa de todas as cl\u00e1usulas e condici\u00f3ns de uso inclu\u00eddas nas p\u00e1xinas:<\/p>\n<ul>\n<li><a>Aviso Legal<\/a><\/li>\n<\/ul>\n<p>Se non est\u00e1s conforme con todas e cada unha destas cl\u00e1usulas e condici\u00f3ns d\u00e9beste abster de utilizar este sitio web.<\/p>\n<p>O acceso a este sitio web non sup\u00f3n, de ning\u00fan xeito, o inicio dunha relaci\u00f3n comercial con AETER.<\/p>\n<p>A trav\u00e9s deste sitio web, o Titular facil\u00edtache o acceso e a utilizaci\u00f3n de diversos contidos que o Titular ou os seus colaboradores publicaron por medio de Internet.<\/p>\n<p>Para ese efecto, obr\u00edgaste e comprometeste a NON utilizar calquera dos contidos do sitio web con fins ou efectos il\u00edcitos, prohibidos neste Aviso Legal ou pola lexislaci\u00f3n vixente, lesivos dos dereitos e intereses de terceiros, ou que de calquera forma poidan danar, inutilizar, sobrecargar, deteriorar ou impedir a normal utilizaci\u00f3n dos contidos, os equipos inform\u00e1ticos ou os documentos, arquivos e toda clase de contidos almacenados en calquera equipo inform\u00e1tico propios ou contratados por AETER, doutros usuarios ou de calquera usuario de Internet.<\/p>\n<p>O Titular res\u00e9rvase o dereito de retirar todos aqueles comentarios que vulneren a lexislaci\u00f3n vixente, lesivos dos dereitos ou intereses de terceiros, ou que, ao seu xu\u00edzo, non resulten adecuados para a s\u00faa publicaci\u00f3n.<\/p>\n<p>AETER non ser\u00e1 responsable das opini\u00f3ns vertidas polos usuarios a trav\u00e9s do sistema de comentarios, redes sociais ou outras ferramentas de participaci\u00f3n, conforme ao previsto na normativa de aplicaci\u00f3n.<\/p>\n<h2>Medidas de seguridade<\/h2>\n<p>Os datos persoais que facilites ao Titular poden ser almacenados en bases de datos automatizadas ou non, cuxa titularidade corresponde en exclusiva a AETER, que asume todas as medidas de \u00edndole t\u00e9cnica, organizativa e de seguridade que garanten a confidencialidade, integridade e calidade da informaci\u00f3n contida nas mesmas de acordo co establecido na normativa vixente en protecci\u00f3n de datos.<\/p>\n<p>No entanto, debes ser consciente de que as medidas de seguridade dos sistemas inform\u00e1ticos en Internet non son enteiramente fiables e que, por tanto o Titular non pode garantir a inexistencia de virus ou outros elementos que poidan producir alteraci\u00f3ns nos sistemas inform\u00e1ticos (software e hardware) do Usuario ou nos seus documentos electr\u00f3nicos e ficheiros contidos nos mesmos a\u00ednda que o Titular pon todos os medios necesarios e toma as medidas de seguridade oportunas para evitar a presenza destes elementos dani\u00f1os.<\/p>\n<h2>Contidos<\/h2>\n<p>O Titular obtivo a informaci\u00f3n, o contido multimedia e os materiais inclu\u00eddos no sitio web de fontes que considera fiables, pero, a\u00ednda que tomou todas as medidas razoables para asegurar que a informaci\u00f3n contida \u00e9 correcta, o Titular non garante que sexa exacta, completa ou actualizada. AETER declina expresamente calquera responsabilidade por erro ou omisi\u00f3n na informaci\u00f3n contida nas p\u00e1xinas deste sitio web.<\/p>\n<p>Queda prohibido transmitir ou enviar a trav\u00e9s do sitio web calquera contido ilegal ou il\u00edcito, virus inform\u00e1ticos, ou mensaxes que, en xeral, afecten ou violen dereitos do Titular ou de terceiros.<\/p>\n<p>Os contidos de http:\/\/www.aeter.org te\u00f1en unicamente unha finalidade informativa e baixo ningunha circunstancia deben usarse nin considerarse como oferta de venda, solicitude dunha oferta de compra nin recomendaci\u00f3n para realizar calquera outra operaci\u00f3n, salvo que as\u00ed se indique expresamente.<\/p>\n<p>AETER res\u00e9rvase o dereito a modificar, suspender, cancelar ou restrinxir o contido de <a href=\"https:\/\/aeter.org\">http:\/\/www.aeter.org<\/a>, os v\u00ednculos ou a informaci\u00f3n obtida a trav\u00e9s do sitio web, sen necesidade de previo aviso.<\/p>\n<p>AETER non \u00e9 responsable dos danos e prexu\u00edzos que puidesen derivarse da utilizaci\u00f3n da informaci\u00f3n do sitio web ou da contida nas redes sociais do Titular.<\/p>\n<h2>Pol\u00edtica de cookies<\/h2>\n<p>O Titular s\u00f3 obt\u00e9n e conserva a seguinte informaci\u00f3n acerca dos visitantes do sitio web:<\/p>\n<ul>\n<li>nome de dominio do provedor (PSI) e\/ou direcci\u00f3n IP que lles d\u00e1 acceso \u00e1 rede.<\/li>\n<li>A data e hora de acceso ao sitio web.<\/li>\n<li>A direcci\u00f3n de Internet orixe da ligaz\u00f3n que dirixe ao sitio web.<\/li>\n<li>n\u00famero de visitantes diarios de cada secci\u00f3n.<\/li>\n<li>A informaci\u00f3n obtida \u00e9 totalmente an\u00f3nima, e en ning\u00fan caso pode ser asociada a un Usuario concreto e identificado.<\/li>\n<\/ul>\n<h2>Ligaz\u00f3ns a outros sitios web<\/h2>\n<p>O Titular pode proporcionarche acceso a sitios web de terceiros mediante ligaz\u00f3ns coa finalidade exclusiva de informarche sobre a existencia doutras fontes de informaci\u00f3n en Internet nas que poder\u00e1s ampliar os datos ofrecidos no sitio web.<\/p>\n<p>Estas ligaz\u00f3ns a outros sitios web non supo\u00f1en en ning\u00fan caso unha suxesti\u00f3n ou recomendaci\u00f3n para que visites as p\u00e1xinas web de destino, que est\u00e1n f\u00f3ra do control do Titular, polo que AETER non \u00e9 responsable do contido dos sitios web vinculados nin do resultado que obte\u00f1as ao seguir as ligaz\u00f3ns.<\/p>\n<p>As\u00ed mesmo, AETER non responde dos links ou ligaz\u00f3ns situadas nos sitios web vinculados aos que che proporciona acceso.<\/p>\n<p>O establecemento da ligaz\u00f3n non implica en ning\u00fan caso a existencia de relaci\u00f3ns entre AETER e o propietario do sitio no que se estableza a ligaz\u00f3n, nin a aceptaci\u00f3n ou aprobaci\u00f3n por parte do Titular dos seus contidos ou servizos.<\/p>\n<p>Se accedes a un sitio web externo desde unha ligaz\u00f3n que atopes en <a href=\"https:\/\/aeter.org\">http:\/\/www.aeter.org<\/a> deber\u00e1s ler a propia pol\u00edtica de privacidade do outro sitio web que pode ser diferente da deste sitio web.<\/p>\n<h2>Propiedade intelectual e industrial<\/h2>\n<p>Todos os dereitos est\u00e1n reservados.<\/p>\n<p>Todo acceso a este sitio web est\u00e1 suxeito \u00e1s seguintes condici\u00f3ns: a reproduci\u00f3n, almacenaxe permanente e a difusi\u00f3n dos contidos ou calquera outro uso que te\u00f1a finalidade p\u00fablica ou comercial queda expresamente prohibida sen o consentimento previo expreso e por escrito de AETER.<\/p>\n<h2>Limitaci\u00f3n de responsabilidade<\/h2>\n<p>AETER declina calquera responsabilidade no caso de que existan interrupci\u00f3ns ou un mal funcionamento dos Servizos ou contidos ofrecidos en Internet, calquera que sexa a s\u00faa causa. As\u00ed mesmo, o Titular non se fai responsable por ca\u00eddas da rede, perdas de negocio a consecuencia das ditas ca\u00eddas, suspensi\u00f3ns temporais de flu\u00eddo el\u00e9ctrico ou calquera outro tipo de dano indirecto que poida ser causado por causas alleas ao Titular.<\/p>\n<p>Antes de tomar decisi\u00f3ns e\/ou acci\u00f3ns segundo a informaci\u00f3n inclu\u00edda no sitio web, o Titular recom\u00e9ndache comprobar e contrastar a informaci\u00f3n recibida con outras fontes.<\/p>\n<h2>Contacto<\/h2>\n<p>No caso de que te\u00f1as calquera d\u00fabida acerca destas Condici\u00f3ns legais ou queiras realizar calquera comentario sobre este sitio web, podes enviar unha mensaxe de correo electr\u00f3nico ao enderezo: info@aeter.org.<\/p>\n","protected":false},"excerpt":{"rendered":"<p>Identificaci\u00f3n e titularidade A seguir exp\u00f3\u00f1ense os datos identificativos do titular. Titular: AETER. NIF: G819822333 Domicilio: Universidade de Alacante Apdo. 99 03690 San Vicente do Raspeig, Alacante &#8211; Espa\u00f1a. Correo electr\u00f3nico: info@aeter.org Sitio Web: http:\/\/www.aeter.org Finalidade A finalidade do sitio web http:\/\/www.aeter.org \u00e9 Organizaci\u00f3n Tradutores, idiomas. Condici\u00f3ns de Uso A utilizaci\u00f3n do sitio web out\u00f3rgache&hellip;<\/p>\n","protected":false},"author":5,"featured_media":0,"parent":0,"menu_order":0,"comment_status":"closed","ping_status":"closed","template":"","meta":{"footnotes":""},"class_list":["post-5521","page","type-page","status-publish","hentry"],"yoast_head":"<!-- This site is optimized with the Yoast SEO plugin v24.4 - https:\/\/yoast.com\/wordpress\/plugins\/seo\/ -->\n<title>Aviso Legal - ASOCIACI\u00d3N ESPA\u00d1OLA DE TERMINOLOG\u00cdA<\/title>\n<meta name=\"robots\" content=\"index, follow, max-snippet:-1, max-image-preview:large, max-video-preview:-1\" \/>\n<link rel=\"canonical\" href=\"https:\/\/aeter.org\/gl\/aviso-legal\/\" \/>\n<meta property=\"og:locale\" content=\"gl_ES\" \/>\n<meta property=\"og:type\" content=\"article\" \/>\n<meta property=\"og:title\" content=\"Aviso Legal - ASOCIACI\u00d3N ESPA\u00d1OLA DE TERMINOLOG\u00cdA\" \/>\n<meta property=\"og:description\" content=\"Identificaci\u00f3n e titularidade A seguir exp\u00f3\u00f1ense os datos identificativos do titular. Titular: AETER. NIF: G819822333 Domicilio: Universidade de Alacante Apdo. 99 03690 San Vicente do Raspeig, Alacante &#8211; Espa\u00f1a. Correo electr\u00f3nico: info@aeter.org Sitio Web: http:\/\/www.aeter.org Finalidade A finalidade do sitio web http:\/\/www.aeter.org \u00e9 Organizaci\u00f3n Tradutores, idiomas. Condici\u00f3ns de Uso A utilizaci\u00f3n do sitio web out\u00f3rgache&hellip;\" \/>\n<meta property=\"og:url\" content=\"https:\/\/aeter.org\/gl\/aviso-legal\/\" \/>\n<meta property=\"og:site_name\" content=\"ASOCIACI\u00d3N ESPA\u00d1OLA DE TERMINOLOG\u00cdA\" \/>\n<meta property=\"article:modified_time\" content=\"2021-04-30T14:22:31+00:00\" \/>\n<meta name=\"twitter:card\" content=\"summary_large_image\" \/>\n<meta name=\"twitter:label1\" content=\"Tempo de lectura\" \/>\n\t<meta name=\"twitter:data1\" content=\"6 minutos\" \/>\n<script type=\"application\/ld+json\" class=\"yoast-schema-graph\">{\"@context\":\"https:\/\/schema.org\",\"@graph\":[{\"@type\":\"WebPage\",\"@id\":\"https:\/\/aeter.org\/gl\/aviso-legal\/\",\"url\":\"https:\/\/aeter.org\/gl\/aviso-legal\/\",\"name\":\"Aviso Legal - ASOCIACI\u00d3N ESPA\u00d1OLA DE TERMINOLOG\u00cdA\",\"isPartOf\":{\"@id\":\"https:\/\/aeter.org\/#website\"},\"datePublished\":\"2021-04-29T11:52:09+00:00\",\"dateModified\":\"2021-04-30T14:22:31+00:00\",\"breadcrumb\":{\"@id\":\"https:\/\/aeter.org\/gl\/aviso-legal\/#breadcrumb\"},\"inLanguage\":\"gl-ES\",\"potentialAction\":[{\"@type\":\"ReadAction\",\"target\":[\"https:\/\/aeter.org\/gl\/aviso-legal\/\"]}]},{\"@type\":\"BreadcrumbList\",\"@id\":\"https:\/\/aeter.org\/gl\/aviso-legal\/#breadcrumb\",\"itemListElement\":[{\"@type\":\"ListItem\",\"position\":1,\"name\":\"Portada\",\"item\":\"https:\/\/aeter.org\/\"},{\"@type\":\"ListItem\",\"position\":2,\"name\":\"Aviso Legal\"}]},{\"@type\":\"WebSite\",\"@id\":\"https:\/\/aeter.org\/#website\",\"url\":\"https:\/\/aeter.org\/\",\"name\":\"ASOCIACI\u00d3N ESPA\u00d1OLA DE TERMINOLOG\u00cdA\",\"description\":\"AETER\",\"potentialAction\":[{\"@type\":\"SearchAction\",\"target\":{\"@type\":\"EntryPoint\",\"urlTemplate\":\"https:\/\/aeter.org\/?s={search_term_string}\"},\"query-input\":{\"@type\":\"PropertyValueSpecification\",\"valueRequired\":true,\"valueName\":\"search_term_string\"}}],\"inLanguage\":\"gl-ES\"}]}<\/script>\n<!-- \/ Yoast SEO plugin. -->","yoast_head_json":{"title":"Aviso Legal - ASOCIACI\u00d3N ESPA\u00d1OLA DE TERMINOLOG\u00cdA","robots":{"index":"index","follow":"follow","max-snippet":"max-snippet:-1","max-image-preview":"max-image-preview:large","max-video-preview":"max-video-preview:-1"},"canonical":"https:\/\/aeter.org\/gl\/aviso-legal\/","og_locale":"gl_ES","og_type":"article","og_title":"Aviso Legal - ASOCIACI\u00d3N ESPA\u00d1OLA DE TERMINOLOG\u00cdA","og_description":"Identificaci\u00f3n e titularidade A seguir exp\u00f3\u00f1ense os datos identificativos do titular. Titular: AETER. NIF: G819822333 Domicilio: Universidade de Alacante Apdo. 99 03690 San Vicente do Raspeig, Alacante &#8211; Espa\u00f1a. Correo electr\u00f3nico: info@aeter.org Sitio Web: http:\/\/www.aeter.org Finalidade A finalidade do sitio web http:\/\/www.aeter.org \u00e9 Organizaci\u00f3n Tradutores, idiomas. Condici\u00f3ns de Uso A utilizaci\u00f3n do sitio web out\u00f3rgache&hellip;","og_url":"https:\/\/aeter.org\/gl\/aviso-legal\/","og_site_name":"ASOCIACI\u00d3N ESPA\u00d1OLA DE TERMINOLOG\u00cdA","article_modified_time":"2021-04-30T14:22:31+00:00","twitter_card":"summary_large_image","twitter_misc":{"Tempo de lectura":"6 minutos"},"schema":{"@context":"https:\/\/schema.org","@graph":[{"@type":"WebPage","@id":"https:\/\/aeter.org\/gl\/aviso-legal\/","url":"https:\/\/aeter.org\/gl\/aviso-legal\/","name":"Aviso Legal - ASOCIACI\u00d3N ESPA\u00d1OLA DE TERMINOLOG\u00cdA","isPartOf":{"@id":"https:\/\/aeter.org\/#website"},"datePublished":"2021-04-29T11:52:09+00:00","dateModified":"2021-04-30T14:22:31+00:00","breadcrumb":{"@id":"https:\/\/aeter.org\/gl\/aviso-legal\/#breadcrumb"},"inLanguage":"gl-ES","potentialAction":[{"@type":"ReadAction","target":["https:\/\/aeter.org\/gl\/aviso-legal\/"]}]},{"@type":"BreadcrumbList","@id":"https:\/\/aeter.org\/gl\/aviso-legal\/#breadcrumb","itemListElement":[{"@type":"ListItem","position":1,"name":"Portada","item":"https:\/\/aeter.org\/"},{"@type":"ListItem","position":2,"name":"Aviso Legal"}]},{"@type":"WebSite","@id":"https:\/\/aeter.org\/#website","url":"https:\/\/aeter.org\/","name":"ASOCIACI\u00d3N ESPA\u00d1OLA DE TERMINOLOG\u00cdA","description":"AETER","potentialAction":[{"@type":"SearchAction","target":{"@type":"EntryPoint","urlTemplate":"https:\/\/aeter.org\/?s={search_term_string}"},"query-input":{"@type":"PropertyValueSpecification","valueRequired":true,"valueName":"search_term_string"}}],"inLanguage":"gl-ES"}]}},"_links":{"self":[{"href":"https:\/\/aeter.org\/gl\/wp-json\/wp\/v2\/pages\/5521","targetHints":{"allow":["GET"]}}],"collection":[{"href":"https:\/\/aeter.org\/gl\/wp-json\/wp\/v2\/pages"}],"about":[{"href":"https:\/\/aeter.org\/gl\/wp-json\/wp\/v2\/types\/page"}],"author":[{"embeddable":true,"href":"https:\/\/aeter.org\/gl\/wp-json\/wp\/v2\/users\/5"}],"replies":[{"embeddable":true,"href":"https:\/\/aeter.org\/gl\/wp-json\/wp\/v2\/comments?post=5521"}],"version-history":[{"count":8,"href":"https:\/\/aeter.org\/gl\/wp-json\/wp\/v2\/pages\/5521\/revisions"}],"predecessor-version":[{"id":5618,"href":"https:\/\/aeter.org\/gl\/wp-json\/wp\/v2\/pages\/5521\/revisions\/5618"}],"wp:attachment":[{"href":"https:\/\/aeter.org\/gl\/wp-json\/wp\/v2\/media?parent=5521"}],"curies":[{"name":"wp","href":"https:\/\/api.w.org\/{rel}","templated":true}]}}